{"id":5246,"date":"2024-10-08T10:35:36","date_gmt":"2024-10-08T10:35:36","guid":{"rendered":"https:\/\/pelestest.thepoint-agency.com\/termeni-si-conditii\/"},"modified":"2024-12-16T14:57:22","modified_gmt":"2024-12-16T12:57:22","slug":"termeni-si-conditii","status":"publish","type":"page","link":"https:\/\/thewebdevpoint.com\/en\/termeni-si-conditii\/","title":{"rendered":"Terms and Conditions"},"content":{"rendered":"<p><strong>GENERAL CONDITIONS FOR USE OF THE SITE<\/strong><br \/>\nThe Peles National Museum has opened its website www.peles.ro to personally inform all its visitors. Your use of this website is subject to compliance with the general conditions of access and use detailed below (&quot;General Conditions&quot;), as well as compliance with all applicable laws. When you access, browse and use the website, you implicitly and unconditionally accept the General Conditions, which prevail over any other agreement you may have with the Peles National Museum, all employees or only some of them.<\/p>\n<p><strong>INTELLECTUAL PROPERTY RIGHTS<\/strong><br \/>\n<em>Copyright and\/or Rights in Content, Images, Drawings and Architectural Models<\/em><\/p>\n<p>The Pele\u015f National Museum is the owner of this website. The photographs, texts, slogans, drawings, images, animated sequences with or without sound, as well as all works integrated into this website are the property of the Pele\u015f National Museum or of third parties who have authorized the Pele\u015f National Museum to use them.<\/p>\n<p>The architectural models presented on this site are protected in accordance with the legal provisions relating to copyright and\/or intellectual property rights relating to the protection of architectural designs and models.<\/p>\n<p>Reproductions, on paper or digital, of the aforementioned site and\/or of the works and\/or architectural models of Pele\u015f or Peli\u015for Castles that are reproduced on the site are authorized on the condition that they are intended for strictly personal use, excluding any use for advertising and\/or commercial and\/or information purposes, so as to comply with the legislative provisions regarding intellectual property.<\/p>\n<p>Except for the above provisions, any reproduction, presentation, use or partial or complete modification of the site, regardless of the process or on what medium, of the various works and images that compose it, without having obtained prior authorization from the Pele\u015f National Museum, is strictly prohibited and constitutes an OFFENCE punishable according to the legislation in force.<\/p>\n<p><em>Trademark rights<\/em><\/p>\n<p>The name Pele\u015f, the logo (coat of arms) of the Pele\u015f National Museum, the architectural model of the castles, are trademarks registered by the Pele\u015f National Museum at OSIM.<\/p>\n<p>Other trademarks are also mentioned on the site; they are theoretically identified by a capital letter. These are used by the Pele\u015f National Museum, either with the authorization of the owner, or as a simple indication of services offered by the Pele\u015f National Museum.<\/p>\n<p>Reproduction, imitation, use or application of these trademarks without prior authorization from the Pele\u015f National Museum or the respective owners constitutes an OFFENCE punishable under the laws in force.<\/p>\n<p><strong>INFORMATION ABOUT SERVICES<\/strong><br \/>\nThese pages constitute a general presentation of the range of services of the Pele\u015f National Museum.<\/p>\n<p>The Pele\u015f National Museum reserves the right to modify\/update the information contained in this website, especially those relating to the characteristics of the visiting program, the spaces that can be visited and the fees charged, at any time, without prior notice, taking into account the interactive nature of the site, without the modifications implying the responsibility of the Pele\u015f National Museum or its employees.<\/p>\n<p>The public relations department of the Pele\u015f National Museum is at your disposal for any information, especially regarding rates, as well as the latest developments in the visiting program.<\/p>\n<p><strong>SERVICES<\/strong><br \/>\nThe services presented on this site are proposed for visitors of the Pele\u0219 National Museum. The prices indicated are fixed prices, which cannot be negotiated, as they are established by the Ministry of Culture and National Heritage.<\/p>\n<p><strong>HYPERLINKS<\/strong><br \/>\nPlacing a hyperlink to the website www.peles.ro requires prior written authorization from the Peles National Museum. If you wish to place a hyperlink to our website, you must therefore contact the person responsible for the website www.peles.ro at the e-mail address peles.ro@gmail.com or at 0244 310 918.<\/p>\n<p>The Peles National Museum cannot, under any circumstances, be held responsible for making available sites that are the subject of a hyperlink from the www.peles.ro site and is not responsible, in any way, for the content, products, services, etc. available on these sites or from these sites.<\/p>\n<p><strong>LIMITATION OF LIABILITY<\/strong><br \/>\nThe user uses the site at his own risk. In no case shall the Pele\u015f National Museum, its affiliates, its employees, each individually or jointly, be held liable for direct or indirect damages and in particular for material damage, loss of data or programs, financial damage, resulting from access to or use of this site or all sites linked to it. The content of the site is presented without any guarantee of any kind.<\/p>\n<p>The information on the services, their characteristics and their prices correspond to a definition at the time of their drafting or updating of the various pages of the site; they are provided for informational purposes only and therefore are not and should not be considered as a contractual offer of the services provided by the Pele\u015f National Museum, its affiliates or its employees. Errors or omissions may occur.<\/p>\n<p>Access to the services presented on the site may be subject to restrictions. You must therefore ensure that the law of the country from which you are connecting authorizes you to access our site.<\/p>\n<p><strong>APPLICABLE LAW<\/strong><br \/>\nThese General Conditions, as well as any dispute related to or arising from the clauses of these General Conditions or from accessing \/ functioning \/ malfunctioning of the site, are subject to Romanian internal law. The language of the General Conditions and the site is Romanian. In case of dispute, only the Romanian courts will be considered competent.<\/p>\n<p><strong>UPDATE OF GENERAL CONDITIONS<\/strong><br \/>\nThe Pele\u015f National Museum reserves the right to modify and update access to the site, as well as the General Conditions, at any time. These modifications and updates are binding\/applicable to the user as soon as they have been posted on the site; therefore, the user must regularly refer to this section to check the General Conditions in force.<\/p>","protected":false},"excerpt":{"rendered":"<p>GENERAL CONDITIONS FOR USE OF THE SITE The Peles National Museum has opened its website www.peles.ro to personally inform all its visitors. Your use of this site is subject to compliance with the general conditions of access and use detailed below (\u201cGeneral Conditions\u201d), as well as compliance with all applicable laws. When you access the site, when you browse it [\u2026]<\/p>","protected":false},"author":1,"featured_media":0,"parent":0,"menu_order":0,"comment_status":"closed","ping_status":"closed","template":"","meta":{"_acf_changed":false,"footnotes":""},"categorie-pagina":[350],"class_list":["post-5246","page","type-page","status-publish","hentry","categorie-pagina-legal"],"acf":[],"yoast_head":"<!-- This site is optimized with the Yoast SEO plugin v24.1 - https:\/\/yoast.com\/wordpress\/plugins\/seo\/ -->\n<title>Termeni \u015fi Condi\u0163ii &#183; Peles Test<\/title>\n<meta name=\"robots\" content=\"noindex, follow, max-snippet:-1, max-image-preview:large, max-video-preview:-1\" \/>\n<script type=\"application\/ld+json\" class=\"yoast-schema-graph\">{\"@context\":\"https:\/\/schema.org\",\"@graph\":[{\"@type\":\"WebPage\",\"@id\":\"https:\/\/thewebdevpoint.com\/termeni-si-conditii\/\",\"url\":\"https:\/\/thewebdevpoint.com\/termeni-si-conditii\/\",\"name\":\"Termeni \u015fi Condi\u0163ii &#183; Peles Test\",\"isPartOf\":{\"@id\":\"https:\/\/thewebdevpoint.com\/ro\/#website\"},\"datePublished\":\"2024-10-08T10:35:36+00:00\",\"dateModified\":\"2024-12-16T12:57:22+00:00\",\"breadcrumb\":{\"@id\":\"https:\/\/thewebdevpoint.com\/termeni-si-conditii\/#breadcrumb\"},\"inLanguage\":\"en-GB\",\"potentialAction\":[{\"@type\":\"ReadAction\",\"target\":[\"https:\/\/thewebdevpoint.com\/termeni-si-conditii\/\"]}]},{\"@type\":\"BreadcrumbList\",\"@id\":\"https:\/\/thewebdevpoint.com\/termeni-si-conditii\/#breadcrumb\",\"itemListElement\":[{\"@type\":\"ListItem\",\"position\":1,\"name\":\"Acas\u0103\",\"item\":\"https:\/\/thewebdevpoint.com\/\"},{\"@type\":\"ListItem\",\"position\":2,\"name\":\"Termeni \u015fi Condi\u0163ii\"}]},{\"@type\":\"WebSite\",\"@id\":\"https:\/\/thewebdevpoint.com\/ro\/#website\",\"url\":\"https:\/\/thewebdevpoint.com\/ro\/\",\"name\":\"Peles Test\",\"description\":\"\",\"publisher\":{\"@id\":\"https:\/\/thewebdevpoint.com\/ro\/#organization\"},\"potentialAction\":[{\"@type\":\"SearchAction\",\"target\":{\"@type\":\"EntryPoint\",\"urlTemplate\":\"https:\/\/thewebdevpoint.com\/ro\/?s={search_term_string}\"},\"query-input\":{\"@type\":\"PropertyValueSpecification\",\"valueRequired\":true,\"valueName\":\"search_term_string\"}}],\"inLanguage\":\"en-GB\"},{\"@type\":\"Organization\",\"@id\":\"https:\/\/thewebdevpoint.com\/ro\/#organization\",\"name\":\"Muzeul Pele\u0219\",\"alternateName\":\"MP\",\"url\":\"https:\/\/thewebdevpoint.com\/ro\/\",\"logo\":{\"@type\":\"ImageObject\",\"inLanguage\":\"en-GB\",\"@id\":\"https:\/\/thewebdevpoint.com\/ro\/#\/schema\/logo\/image\/\",\"url\":\"https:\/\/thewebdevpoint.com\/wp-content\/uploads\/2024\/10\/Logo.svg\",\"contentUrl\":\"https:\/\/thewebdevpoint.com\/wp-content\/uploads\/2024\/10\/Logo.svg\",\"width\":251,\"height\":48,\"caption\":\"Muzeul Pele\u0219\"},\"image\":{\"@id\":\"https:\/\/thewebdevpoint.com\/ro\/#\/schema\/logo\/image\/\"}}]}<\/script>\n<!-- \/ Yoast SEO plugin. -->","yoast_head_json":{"title":"Termeni \u015fi Condi\u0163ii &#183; Peles Test","robots":{"index":"noindex","follow":"follow","max-snippet":"max-snippet:-1","max-image-preview":"max-image-preview:large","max-video-preview":"max-video-preview:-1"},"schema":{"@context":"https:\/\/schema.org","@graph":[{"@type":"WebPage","@id":"https:\/\/thewebdevpoint.com\/termeni-si-conditii\/","url":"https:\/\/thewebdevpoint.com\/termeni-si-conditii\/","name":"Termeni \u015fi Condi\u0163ii &#183; Peles Test","isPartOf":{"@id":"https:\/\/thewebdevpoint.com\/ro\/#website"},"datePublished":"2024-10-08T10:35:36+00:00","dateModified":"2024-12-16T12:57:22+00:00","breadcrumb":{"@id":"https:\/\/thewebdevpoint.com\/termeni-si-conditii\/#breadcrumb"},"inLanguage":"en-GB","potentialAction":[{"@type":"ReadAction","target":["https:\/\/thewebdevpoint.com\/termeni-si-conditii\/"]}]},{"@type":"BreadcrumbList","@id":"https:\/\/thewebdevpoint.com\/termeni-si-conditii\/#breadcrumb","itemListElement":[{"@type":"ListItem","position":1,"name":"Acas\u0103","item":"https:\/\/thewebdevpoint.com\/"},{"@type":"ListItem","position":2,"name":"Termeni \u015fi Condi\u0163ii"}]},{"@type":"WebSite","@id":"https:\/\/thewebdevpoint.com\/ro\/#website","url":"https:\/\/thewebdevpoint.com\/ro\/","name":"Peles Test","description":"","publisher":{"@id":"https:\/\/thewebdevpoint.com\/ro\/#organization"},"potentialAction":[{"@type":"SearchAction","target":{"@type":"EntryPoint","urlTemplate":"https:\/\/thewebdevpoint.com\/ro\/?s={search_term_string}"},"query-input":{"@type":"PropertyValueSpecification","valueRequired":true,"valueName":"search_term_string"}}],"inLanguage":"en-GB"},{"@type":"Organization","@id":"https:\/\/thewebdevpoint.com\/ro\/#organization","name":"Muzeul Pele\u0219","alternateName":"MP","url":"https:\/\/thewebdevpoint.com\/ro\/","logo":{"@type":"ImageObject","inLanguage":"en-GB","@id":"https:\/\/thewebdevpoint.com\/ro\/#\/schema\/logo\/image\/","url":"https:\/\/thewebdevpoint.com\/wp-content\/uploads\/2024\/10\/Logo.svg","contentUrl":"https:\/\/thewebdevpoint.com\/wp-content\/uploads\/2024\/10\/Logo.svg","width":251,"height":48,"caption":"Muzeul Pele\u0219"},"image":{"@id":"https:\/\/thewebdevpoint.com\/ro\/#\/schema\/logo\/image\/"}}]}},"_links":{"self":[{"href":"https:\/\/thewebdevpoint.com\/en\/wp-json\/wp\/v2\/pages\/5246","targetHints":{"allow":["GET"]}}],"collection":[{"href":"https:\/\/thewebdevpoint.com\/en\/wp-json\/wp\/v2\/pages"}],"about":[{"href":"https:\/\/thewebdevpoint.com\/en\/wp-json\/wp\/v2\/types\/page"}],"author":[{"embeddable":true,"href":"https:\/\/thewebdevpoint.com\/en\/wp-json\/wp\/v2\/users\/1"}],"replies":[{"embeddable":true,"href":"https:\/\/thewebdevpoint.com\/en\/wp-json\/wp\/v2\/comments?post=5246"}],"version-history":[{"count":1,"href":"https:\/\/thewebdevpoint.com\/en\/wp-json\/wp\/v2\/pages\/5246\/revisions"}],"predecessor-version":[{"id":9541,"href":"https:\/\/thewebdevpoint.com\/en\/wp-json\/wp\/v2\/pages\/5246\/revisions\/9541"}],"wp:attachment":[{"href":"https:\/\/thewebdevpoint.com\/en\/wp-json\/wp\/v2\/media?parent=5246"}],"wp:term":[{"taxonomy":"categorie-pagina","embeddable":true,"href":"https:\/\/thewebdevpoint.com\/en\/wp-json\/wp\/v2\/categorie-pagina?post=5246"}],"curies":[{"name":"wp","href":"https:\/\/api.w.org\/{rel}","templated":true}]}}