{"id":5247,"date":"2024-10-08T10:35:36","date_gmt":"2024-10-08T10:35:36","guid":{"rendered":"https:\/\/pelestest.thepoint-agency.com\/confidentialitate\/"},"modified":"2024-12-16T14:57:43","modified_gmt":"2024-12-16T12:57:43","slug":"confidentialitate","status":"publish","type":"page","link":"https:\/\/thewebdevpoint.com\/fr\/confidentialitate\/","title":{"rendered":"CONFIDENTIALIT\u00c9"},"content":{"rendered":"<p><strong>INFORMATIONS SUR L&#039;UTILISATION DE VOS DONN\u00c9ES PERSONNELLES<\/strong><br \/>\nConform\u00e9ment aux dispositions de la loi n\u00b0 190\/2018 portant mesures d&#039;ex\u00e9cution du r\u00e8glement (UE) 679\/2016 du Parlement europ\u00e9en et du Conseil du 27 avril 2016 relatif \u00e0 la protection des personnes physiques \u00e0 l&#039;\u00e9gard du traitement des donn\u00e9es \u00e0 caract\u00e8re personnel et \u00e0 la libre circulation de ces donn\u00e9es, nous vous informons que vous b\u00e9n\u00e9ficiez de tous les droits pr\u00e9vus aux articles 13 \u00e0 22 du r\u00e8glement (UE) 679\/2016 du Parlement europ\u00e9en.<\/p>\n<ul>\n<li>droit d\u2019acc\u00e8s aux donn\u00e9es \u2013 art. 15;<\/li>\n<li>le droit de rectification \u2013 art. 16;<\/li>\n<li>le droit \u00e0 l\u2019effacement des donn\u00e9es (\u00ab droit \u00e0 l\u2019oubli \u00bb) \u2013 art. 17;<\/li>\n<li>le droit \u00e0 la restriction \u2013 art. 18;<\/li>\n<li>le droit \u00e0 la portabilit\u00e9 des donn\u00e9es \u2013 art. 20;<\/li>\n<li>le droit d\u2019opposition \u2013 art. 21.<\/li>\n<\/ul>\n<p>Le Mus\u00e9e national Peles se r\u00e9serve le droit de modifier et de mettre \u00e0 jour le contenu du site Web www.peles.ro, ainsi que la politique de confidentialit\u00e9, \u00e0 tout moment et sans pr\u00e9avis. Par cons\u00e9quent, veuillez visiter cette section p\u00e9riodiquement pour v\u00e9rifier les termes et conditions que vous avez accept\u00e9 de respecter.<\/p>\n<p><strong>GESTION DES MOTS DE PASSE ET DES CODES D&#039;ACC\u00c8S<\/strong><br \/>\nLors du processus d&#039;inscription, vous choisissez un nom de compte et un mot de passe. Vous \u00eates seul responsable du maintien de la confidentialit\u00e9 de votre compte, ainsi que de votre mot de passe et de toutes les actions qui peuvent \u00eatre effectu\u00e9es sur votre compte et\/ou avec votre mot de passe. Vous acceptez d&#039;informer imm\u00e9diatement le Mus\u00e9e national Pele\u015f de toute utilisation non autoris\u00e9e de votre compte et\/ou de votre mot de passe, ainsi que de vous assurer de vous d\u00e9connecter \u00e0 la sortie de chaque session.<\/p>\n<p>Le Mus\u00e9e national de Pele\u015f ne peut \u00eatre tenu responsable de toute perte, dommage ou manque de b\u00e9n\u00e9fice r\u00e9sultant de votre manquement \u00e0 ces obligations.<\/p>\n<p><strong>DONN\u00c9ES PERSONNELLES ET AUTRES DONN\u00c9ES<\/strong><br \/>\nVous pouvez visiter ce site sans r\u00e9v\u00e9ler votre identit\u00e9 ni donner aucune information vous concernant.<\/p>\n<p>Les informations non personnelles que vous nous communiquerez seront consid\u00e9r\u00e9es comme non confidentielles et pourront \u00eatre utilis\u00e9es et diffus\u00e9es par le Mus\u00e9e national Pele\u0219 \u00e0 ses affili\u00e9s et employ\u00e9s librement, dans le respect des dispositions l\u00e9gales applicables, ainsi que des dispositions relatives au secret bancaire.<\/p>\n<p><strong>DONN\u00c9ES PERSONNELLES<\/strong><br \/>\nParticuli\u00e8rement soucieux de la transparence et de la protection de vos droits, le Mus\u00e9e national Pele\u0219 n&#039;obtiendra pas d&#039;informations qui permettraient \u00e0 des tiers de vous identifier personnellement, \u00e0 moins que vous ne donniez vous-m\u00eame votre consentement \u00e0 cette op\u00e9ration.<\/p>\n<p>Aucune exploitation commerciale, m\u00eame partielle, des donn\u00e9es re\u00e7ues ne sera effectu\u00e9e sans votre consentement pr\u00e9alable.<\/p>\n<p>Ces informations sont confidentielles et conserv\u00e9es par le Mus\u00e9e national Pele\u0219, ses filiales et ses employ\u00e9s, conform\u00e9ment aux dispositions de la loi n\u00b0 126\/2008. 190\/2018 portant mesures d&#039;ex\u00e9cution du r\u00e8glement (UE) n\u00b0 670\/2016 du Parlement europ\u00e9en et du Conseil du 27 avril 2016 relatif \u00e0 la protection des personnes physiques \u00e0 l&#039;\u00e9gard du traitement des donn\u00e9es \u00e0 caract\u00e8re personnel et \u00e0 la libre circulation de ces donn\u00e9es.<\/p>\n<p><strong>DONN\u00c9ES NON PERSONNELLES<\/strong><br \/>\nLes informations non personnelles que vous nous fournissez sur vos pr\u00e9f\u00e9rences, vos principaux int\u00e9r\u00eats et vos passions sont utilis\u00e9es pour cr\u00e9er et vous proposer des services adapt\u00e9s \u00e0 vos go\u00fbts.<\/p>\n<p>Il est possible d\u2019obtenir des informations automatiquement, mais elles ne peuvent en aucun cas \u00eatre associ\u00e9es \u00e0 une personne. Ces informations font r\u00e9f\u00e9rence au type de navigateur que vous utilisez, \u00e0 votre plateforme informatique et au nom de domaine par lequel vous acc\u00e9dez \u00e0 notre site.<\/p>\n<p><strong>&quot;COOKIES&quot;<\/strong><br \/>\nD\u00e8s votre premi\u00e8re visite sur notre site, nous sommes susceptibles de placer un cookie sur votre ordinateur. Un cookie est un petit bloc de donn\u00e9es envoy\u00e9 \u00e0 votre navigateur par un serveur Web et stock\u00e9 sur le disque dur de votre ordinateur. Ce cookie ne nous permet pas de vous identifier personnellement. D&#039;une mani\u00e8re g\u00e9n\u00e9rale, il nous permet d&#039;enregistrer des informations relatives \u00e0 la navigation de votre ordinateur sur notre site (les pages que vous avez consult\u00e9es, la date et l&#039;heure de la consultation, etc.) que nous pourrons lire lors de vos visites ult\u00e9rieures.<\/p>\n<p>Vous pouvez bien entendu vous opposer \u00e0 l&#039;insertion de cookies en param\u00e9trant votre navigateur en cons\u00e9quence. Vous pouvez supprimer les cookies \u00e0 tout moment et individuellement, en suivant le manuel d&#039;utilisation de votre ordinateur.<\/p>","protected":false},"excerpt":{"rendered":"<p>INFORMATIONS SUR L&#039;UTILISATION DE VOS DONN\u00c9ES PERSONNELLES Conform\u00e9ment aux dispositions de la loi n\u00b0 190\/2018 portant mesures d&#039;application du r\u00e8glement (UE) 679\/2016 du Parlement europ\u00e9en et du Conseil du 27 avril 2016 relatif \u00e0 la protection des personnes physiques \u00e0 l&#039;\u00e9gard du traitement des donn\u00e9es \u00e0 caract\u00e8re personnel et \u00e0 la libre circulation de ces donn\u00e9es, vous [\u2026]<\/p>","protected":false},"author":1,"featured_media":0,"parent":0,"menu_order":0,"comment_status":"closed","ping_status":"closed","template":"","meta":{"_acf_changed":false,"footnotes":""},"categorie-pagina":[350],"class_list":["post-5247","page","type-page","status-publish","hentry","categorie-pagina-legal"],"acf":[],"yoast_head":"<!-- This site is optimized with the Yoast SEO plugin v24.1 - https:\/\/yoast.com\/wordpress\/plugins\/seo\/ -->\n<title>Confiden\u0163ialitate &#183; Peles Test<\/title>\n<meta name=\"robots\" content=\"noindex, follow, max-snippet:-1, max-image-preview:large, max-video-preview:-1\" \/>\n<script type=\"application\/ld+json\" class=\"yoast-schema-graph\">{\"@context\":\"https:\/\/schema.org\",\"@graph\":[{\"@type\":\"WebPage\",\"@id\":\"https:\/\/thewebdevpoint.com\/ro\/confidentialitate\/\",\"url\":\"https:\/\/thewebdevpoint.com\/ro\/confidentialitate\/\",\"name\":\"Confiden\u0163ialitate &#183; Peles Test\",\"isPartOf\":{\"@id\":\"https:\/\/thewebdevpoint.com\/ro\/#website\"},\"datePublished\":\"2024-10-08T10:35:36+00:00\",\"dateModified\":\"2024-12-16T12:57:43+00:00\",\"breadcrumb\":{\"@id\":\"https:\/\/thewebdevpoint.com\/ro\/confidentialitate\/#breadcrumb\"},\"inLanguage\":\"fr-FR\",\"potentialAction\":[{\"@type\":\"ReadAction\",\"target\":[\"https:\/\/thewebdevpoint.com\/ro\/confidentialitate\/\"]}]},{\"@type\":\"BreadcrumbList\",\"@id\":\"https:\/\/thewebdevpoint.com\/ro\/confidentialitate\/#breadcrumb\",\"itemListElement\":[{\"@type\":\"ListItem\",\"position\":1,\"name\":\"Acas\u0103\",\"item\":\"https:\/\/thewebdevpoint.com\/\"},{\"@type\":\"ListItem\",\"position\":2,\"name\":\"Confiden\u0163ialitate\"}]},{\"@type\":\"WebSite\",\"@id\":\"https:\/\/thewebdevpoint.com\/ro\/#website\",\"url\":\"https:\/\/thewebdevpoint.com\/ro\/\",\"name\":\"Peles Test\",\"description\":\"\",\"publisher\":{\"@id\":\"https:\/\/thewebdevpoint.com\/ro\/#organization\"},\"potentialAction\":[{\"@type\":\"SearchAction\",\"target\":{\"@type\":\"EntryPoint\",\"urlTemplate\":\"https:\/\/thewebdevpoint.com\/ro\/?s={search_term_string}\"},\"query-input\":{\"@type\":\"PropertyValueSpecification\",\"valueRequired\":true,\"valueName\":\"search_term_string\"}}],\"inLanguage\":\"fr-FR\"},{\"@type\":\"Organization\",\"@id\":\"https:\/\/thewebdevpoint.com\/ro\/#organization\",\"name\":\"Muzeul Pele\u0219\",\"alternateName\":\"MP\",\"url\":\"https:\/\/thewebdevpoint.com\/ro\/\",\"logo\":{\"@type\":\"ImageObject\",\"inLanguage\":\"fr-FR\",\"@id\":\"https:\/\/thewebdevpoint.com\/ro\/#\/schema\/logo\/image\/\",\"url\":\"https:\/\/thewebdevpoint.com\/wp-content\/uploads\/2024\/10\/Logo.svg\",\"contentUrl\":\"https:\/\/thewebdevpoint.com\/wp-content\/uploads\/2024\/10\/Logo.svg\",\"width\":251,\"height\":48,\"caption\":\"Muzeul Pele\u0219\"},\"image\":{\"@id\":\"https:\/\/thewebdevpoint.com\/ro\/#\/schema\/logo\/image\/\"}}]}<\/script>\n<!-- \/ Yoast SEO plugin. -->","yoast_head_json":{"title":"Confiden\u0163ialitate &#183; Peles Test","robots":{"index":"noindex","follow":"follow","max-snippet":"max-snippet:-1","max-image-preview":"max-image-preview:large","max-video-preview":"max-video-preview:-1"},"schema":{"@context":"https:\/\/schema.org","@graph":[{"@type":"WebPage","@id":"https:\/\/thewebdevpoint.com\/ro\/confidentialitate\/","url":"https:\/\/thewebdevpoint.com\/ro\/confidentialitate\/","name":"Confiden\u0163ialitate &#183; Peles Test","isPartOf":{"@id":"https:\/\/thewebdevpoint.com\/ro\/#website"},"datePublished":"2024-10-08T10:35:36+00:00","dateModified":"2024-12-16T12:57:43+00:00","breadcrumb":{"@id":"https:\/\/thewebdevpoint.com\/ro\/confidentialitate\/#breadcrumb"},"inLanguage":"fr-FR","potentialAction":[{"@type":"ReadAction","target":["https:\/\/thewebdevpoint.com\/ro\/confidentialitate\/"]}]},{"@type":"BreadcrumbList","@id":"https:\/\/thewebdevpoint.com\/ro\/confidentialitate\/#breadcrumb","itemListElement":[{"@type":"ListItem","position":1,"name":"Acas\u0103","item":"https:\/\/thewebdevpoint.com\/"},{"@type":"ListItem","position":2,"name":"Confiden\u0163ialitate"}]},{"@type":"WebSite","@id":"https:\/\/thewebdevpoint.com\/ro\/#website","url":"https:\/\/thewebdevpoint.com\/ro\/","name":"Peles Test","description":"","publisher":{"@id":"https:\/\/thewebdevpoint.com\/ro\/#organization"},"potentialAction":[{"@type":"SearchAction","target":{"@type":"EntryPoint","urlTemplate":"https:\/\/thewebdevpoint.com\/ro\/?s={search_term_string}"},"query-input":{"@type":"PropertyValueSpecification","valueRequired":true,"valueName":"search_term_string"}}],"inLanguage":"fr-FR"},{"@type":"Organization","@id":"https:\/\/thewebdevpoint.com\/ro\/#organization","name":"Muzeul Pele\u0219","alternateName":"MP","url":"https:\/\/thewebdevpoint.com\/ro\/","logo":{"@type":"ImageObject","inLanguage":"fr-FR","@id":"https:\/\/thewebdevpoint.com\/ro\/#\/schema\/logo\/image\/","url":"https:\/\/thewebdevpoint.com\/wp-content\/uploads\/2024\/10\/Logo.svg","contentUrl":"https:\/\/thewebdevpoint.com\/wp-content\/uploads\/2024\/10\/Logo.svg","width":251,"height":48,"caption":"Muzeul Pele\u0219"},"image":{"@id":"https:\/\/thewebdevpoint.com\/ro\/#\/schema\/logo\/image\/"}}]}},"_links":{"self":[{"href":"https:\/\/thewebdevpoint.com\/fr\/wp-json\/wp\/v2\/pages\/5247","targetHints":{"allow":["GET"]}}],"collection":[{"href":"https:\/\/thewebdevpoint.com\/fr\/wp-json\/wp\/v2\/pages"}],"about":[{"href":"https:\/\/thewebdevpoint.com\/fr\/wp-json\/wp\/v2\/types\/page"}],"author":[{"embeddable":true,"href":"https:\/\/thewebdevpoint.com\/fr\/wp-json\/wp\/v2\/users\/1"}],"replies":[{"embeddable":true,"href":"https:\/\/thewebdevpoint.com\/fr\/wp-json\/wp\/v2\/comments?post=5247"}],"version-history":[{"count":1,"href":"https:\/\/thewebdevpoint.com\/fr\/wp-json\/wp\/v2\/pages\/5247\/revisions"}],"predecessor-version":[{"id":9513,"href":"https:\/\/thewebdevpoint.com\/fr\/wp-json\/wp\/v2\/pages\/5247\/revisions\/9513"}],"wp:attachment":[{"href":"https:\/\/thewebdevpoint.com\/fr\/wp-json\/wp\/v2\/media?parent=5247"}],"wp:term":[{"taxonomy":"categorie-pagina","embeddable":true,"href":"https:\/\/thewebdevpoint.com\/fr\/wp-json\/wp\/v2\/categorie-pagina?post=5247"}],"curies":[{"name":"wp","href":"https:\/\/api.w.org\/{rel}","templated":true}]}}