{"id":5246,"date":"2024-10-08T10:35:36","date_gmt":"2024-10-08T10:35:36","guid":{"rendered":"https:\/\/pelestest.thepoint-agency.com\/termeni-si-conditii\/"},"modified":"2024-12-16T14:57:22","modified_gmt":"2024-12-16T12:57:22","slug":"termeni-si-conditii","status":"publish","type":"page","link":"https:\/\/thewebdevpoint.com\/ro\/termeni-si-conditii\/","title":{"rendered":"Termeni \u015fi Condi\u0163ii"},"content":{"rendered":"<p><strong>CONDI\u0162II GENERALE PENTRU UTILIZAREA SITE-ULUI<\/strong><br \/>\nMuzeul Na\u0163ional Pele\u015f \u015fi-a deschis site-ul www.peles.ro pentru a-\u015fi informa personal to\u0163i vizitatorii. Utilizarea acestui site de c\u0103tre dumneavoastr\u0103 este condi\u0163ionat\u0103 de respectarea condi\u0163iilor generale de acces \u015fi de utilizare detaliate mai jos (\u201eCondi\u0163ii generale\u201d), precum \u015fi de respectarea ansamblului de legi aplicabile. Atunci c\u00e2nd accesa\u0163i site-ul, c\u00e2nd \u00eel parcurge\u0163i \u015fi \u00eel utiliza\u0163i, dumneavoastr\u0103 accepta\u0163i implicit \u015fi necondi\u0163ionat Condi\u0163iile Generale, care prevaleaz\u0103 asupra oric\u0103rei alte \u00een\u0163elegeri pe care a\u0163i putea s-o ave\u0163i cu Muzeul Na\u0163ional Pele\u015f, cu to\u0163i angaja\u0163ii sau numai cu unii dintre ace\u015ftia.<\/p>\n<p><strong>DREPTURI DE PROPRIETATE INTELECTUAL\u0102<\/strong><br \/>\n<em>Drepturi de autor \u015fi\/sau Drepturi asupra Con\u0163inutului, Imaginilor, Desenelor \u015fi Modelelor Arhitecturale<\/em><\/p>\n<p>Muzeul Na\u0163ional Pele\u015f este de\u0163in\u0103torul site-ului de fa\u0163\u0103. Fotografiile, textele, sloganurile, desenele, imaginile, secven\u0163ele animate sonore sau nu, precum \u015fi toate lucr\u0103rile integrate \u00een acest site sunt proprietatea Muzeului Na\u0163ional Pele\u015f sau a unor ter\u0163i care au autorizat Muzeul Na\u0163ional Pele\u015f s\u0103 le utilizeze.<\/p>\n<p>Modelele arhitecturale prezentate \u00een acest site sunt protejate \u00een conformitate cu dispozi\u0163iile legale referitoare la dreptul de autor \u015fi\/sau drepturilor de proprietate intelectual\u0103 referitoare la protec\u0163ia desenelor \u015fi modelelor arhitecturale.<\/p>\n<p>Reproducerile, pe h\u00e2rtie sau digitale, ale site-ului sus men\u0163ionat \u015fi\/sau ale lucr\u0103rilor \u015fi\/sau modelelor arhitecturale ale Castelelor Pele\u015f sau Peli\u015for care sunt reproduse pe site sunt autorizate cu condi\u0163ia ca acestea s\u0103 fie destinate unei folosin\u0163e strict personale, excluz\u00e2nd orice utilizare \u00een scopuri publicitare \u015fi\/sau comerciale \u015fi\/sau de informare, astfel \u00eenc\u00e2t s\u0103 se conformeze dispozi\u0163iilor legislative privitoare la proprietatea intelectual\u0103.<\/p>\n<p>Cu excep\u0163ia dispozi\u0163iilor de mai sus, orice reproducere, prezentare, utilizare sau modificare par\u0163ial\u0103 sau integral\u0103 a site-ului, indiferent prin ce procedeu ori pe ce suport, a diverselor lucr\u0103ri \u015fi imagini care \u00eel compun, f\u0103r\u0103 a se fi ob\u0163inut \u00een prealabil autoriza\u0163ia de la Muzeul Na\u0163ional Pele\u015f, este strict interzis\u0103 \u015fi constituie INFRAC\u0162IUNE ce se pedepse\u015fte conform legisla\u0163iei \u00een vigoare.<\/p>\n<p><em>Drepturi de marc\u0103<\/em><\/p>\n<p>Numele Pele\u015f, logo-ul (blazon) Muzeul Na\u0163ional Pele\u015f, modelul arhitectural al castelelor, sunt m\u0103rci \u00eenregistrate de c\u0103tre Muzeul Na\u0163ional Pele\u015f la OSIM.<\/p>\n<p>Alte m\u0103rci sunt de asemenea men\u0163ionate pe site; ele sunt teoretic identificate printr-o majuscul\u0103. Acestea sunt folosite de Muzeul Na\u0163ional Pele\u015f, fie cu autoriza\u0163ia titularului, fie ca simpl\u0103 indicare a unor servicii propuse de Muzeul Na\u0163ional Pele\u015f.<\/p>\n<p>Reproducerea, imitarea, utilizarea sau aplicarea acestor m\u0103rci f\u0103r\u0103 a fi ob\u0163inut \u00een prealabil autoriza\u0163ie de la Muzeul Na\u0163ional Pele\u015f sau de la titularii respectivi constituie INFRAC\u0162IUNE ce se pedepse\u015fte conform legilor \u00een vigoare.<\/p>\n<p><strong>INFORMA\u0162II DESPRE SERVICII<\/strong><br \/>\nAceste pagini constituie o prezentare general\u0103 a gamei de servicii ale Muzeului Na\u0163ional Pele\u015f.<\/p>\n<p>Muzeul Na\u0163ional Pele\u015f \u00ee\u015fi rezerv\u0103 dreptul de a modifica\/actualiza informa\u0163iile ce figureaz\u0103 \u00een prezentul site pe internet, mai ales pe cele referitoare la caracteristicile programului de vizitare, la spa\u0163iile vizitabile \u015fi la tarifele percepute, \u00een orice moment, f\u0103r\u0103 preaviz, \u0163in\u00e2nd cont de tr\u0103s\u0103tura interactiv\u0103 a site-ului, f\u0103r\u0103 ca modific\u0103rile s\u0103 presupun\u0103 responsabilitatea Muzeul Na\u0163ional Pele\u015f sau a angaja\u0163ilor s\u0103i.<\/p>\n<p>Sec\u0163ia de rela\u0163ii publice a Muzeului Na\u0163ional Pele\u015f este la dispozi\u0163ia dumneavoastr\u0103 pentru orice informa\u0163ie, \u00een special referitoare la tarife, precum \u015fi la cele mai recente evolu\u0163ii ale programului de vizitare.<\/p>\n<p><strong>SERVICII<\/strong><br \/>\nServiciile prezentate pe acest site sunt propuse pentru vizitatorii Muzeului Na\u0163ional Pele\u015f. Pre\u0163urile indicate sunt pre\u0163uri fixe, care nu se pot negocia, ele fiind stabilite de c\u0103tre Ministerul Culturii \u015fi Patrimoniului Na\u0163ional.<\/p>\n<p><strong>HYPERLINK-URI<\/strong><br \/>\nPlasarea unui hyperlink spre site-ul www.peles.ro necesit\u0103 o autoriza\u0163ie prealabil\u0103 \u00een scris de la Muzeul Na\u0163ional Pele\u015f. Dac\u0103 dori\u0163i s\u0103 plasa\u0163i un hyperlink spre site-ul nostru, trebuie prin urmare s\u0103 contacta\u0163i responsabilul site-ului www.peles.ro la adresa de e-mail peles.ro@gmail.com sau la telefonul 0244 310 918.<\/p>\n<p>Muzeul Na\u0163ional Pele\u015f nu poate fi, \u00een nici un caz, f\u0103cut responsabil pentru punerea la dispozi\u0163ie a unor site-uri care fac obiectul unui hyperlink plec\u00e2nd de la site-ul www.peles.ro \u015fi nu este responsabil, \u00een nici un fel, de con\u0163inutul, produsele, serviciile etc. disponibile pe aceste site-uri sau plec\u00e2nd de la aceste site-uri.<\/p>\n<p><strong>LIMITAREA RESPONSABILIT\u0102\u0162II<\/strong><br \/>\nUtilizatorul folose\u015fte site-ul pe riscul propriu. \u00cen nici un caz, Muzeul Na\u0163ional Pele\u015f, afilia\u0163ii s\u0103i, angaja\u0163ii s\u0103i, fiecare \u00een parte sau \u00eempreun\u0103, nu vor putea fi f\u0103cu\u0163i responsabili pentru daune directe sau indirecte \u015fi \u00een special pentru prejudiciul material, pierderea de date sau de program, prejudiciul financiar, rezult\u00e2nd din accesul sau utilizarea acestui site sau a tuturor site-urilor care sunt legate de el. Con\u0163inutul site-ului este prezentat f\u0103r\u0103 nici o garan\u0163ie, de nicio natur\u0103.<\/p>\n<p>Informa\u0163iile asupra serviciilor, caracteristicilor \u015fi tarifelor acestora corespund unei defini\u0163ii la momentul redact\u0103rii lor sau al actualiz\u0103rii diverselor pagini ale site-ului; ele sunt oferite numai cu titlu informativ \u015fi deci nu sunt \u015fi nu trebuie s\u0103 fie considerate ca o ofert\u0103 contractual\u0103 a serviciilor oferite de Muzeul Na\u0163ional Pele\u015f, de afilia\u0163ii s\u0103i ori de angaja\u0163ii s\u0103i. Erori sau omisiuni pot interveni.<\/p>\n<p>Accesul la serviciile prezentate pe site poate face obiectul unor restric\u0163ii. Trebuie deci s\u0103 v\u0103 asigura\u0163i c\u0103 legea \u0163\u0103rii de unde se stabile\u015fte conectarea v\u0103 autorizeaz\u0103 s\u0103 accesa\u0163i site-ul nostru.<\/p>\n<p><strong>DREPT APLICABIL<\/strong><br \/>\nPrezentele Condi\u0163ii Generale, precum \u015fi orice litigiu \u00een leg\u0103tur\u0103 cu sau decurg\u00e2nd din clauzele acestor Condi\u0163ii Generale sau din accesarea \/ func\u0163ionarea \/ disfunc\u0163ionalitatea site-ului se supun dreptului intern rom\u00e2n. Limba Condi\u0163iilor Generale \u015fi a site-ului este limba rom\u00e2n\u0103. \u00cen caz de litigiu, numai instan\u0163ele rom\u00e2ne\u015fti vor fi considerate competente.<\/p>\n<p><strong>ACTUALIZAREA CONDI\u0162IILOR GENERALE<\/strong><br \/>\nMuzeul Na\u0163ional Pele\u015f \u00ee\u015fi rezerv\u0103 dreptul de a modifica \u015fi actualiza \u00een orice moment accesul la site, precum \u015fi Condi\u0163iile Generale. Aceste modific\u0103ri \u015fi actualiz\u0103ri sunt opozabile\/aplicabile utilizatorului de \u00eendat\u0103 ce au fost postate pe site; prin urmare, utilizatorul trebuie s\u0103 se raporteze \u00een mod regulat la aceast\u0103 rubric\u0103 pentru a verifica Condi\u0163iile Generale \u00een vigoare.<\/p>\n","protected":false},"excerpt":{"rendered":"<p>CONDI\u0162II GENERALE PENTRU UTILIZAREA SITE-ULUI Muzeul Na\u0163ional Pele\u015f \u015fi-a deschis site-ul www.peles.ro pentru a-\u015fi informa personal to\u0163i vizitatorii. Utilizarea acestui site de c\u0103tre dumneavoastr\u0103 este condi\u0163ionat\u0103 de respectarea condi\u0163iilor generale de acces \u015fi de utilizare detaliate mai jos (\u201eCondi\u0163ii generale\u201d), precum \u015fi de respectarea ansamblului de legi aplicabile. Atunci c\u00e2nd accesa\u0163i site-ul, c\u00e2nd \u00eel parcurge\u0163i [&hellip;]<\/p>\n","protected":false},"author":1,"featured_media":0,"parent":0,"menu_order":0,"comment_status":"closed","ping_status":"closed","template":"","meta":{"_acf_changed":false,"footnotes":""},"categorie-pagina":[350],"class_list":["post-5246","page","type-page","status-publish","hentry","categorie-pagina-legal"],"acf":[],"yoast_head":"<!-- This site is optimized with the Yoast SEO plugin v24.1 - https:\/\/yoast.com\/wordpress\/plugins\/seo\/ -->\n<title>Termeni \u015fi Condi\u0163ii &#183; Peles Test<\/title>\n<meta name=\"robots\" content=\"noindex, follow, max-snippet:-1, max-image-preview:large, max-video-preview:-1\" \/>\n<script type=\"application\/ld+json\" class=\"yoast-schema-graph\">{\"@context\":\"https:\/\/schema.org\",\"@graph\":[{\"@type\":\"WebPage\",\"@id\":\"https:\/\/thewebdevpoint.com\/termeni-si-conditii\/\",\"url\":\"https:\/\/thewebdevpoint.com\/termeni-si-conditii\/\",\"name\":\"Termeni \u015fi Condi\u0163ii &#183; Peles Test\",\"isPartOf\":{\"@id\":\"https:\/\/thewebdevpoint.com\/ro\/#website\"},\"datePublished\":\"2024-10-08T10:35:36+00:00\",\"dateModified\":\"2024-12-16T12:57:22+00:00\",\"breadcrumb\":{\"@id\":\"https:\/\/thewebdevpoint.com\/termeni-si-conditii\/#breadcrumb\"},\"inLanguage\":\"ro-RO\",\"potentialAction\":[{\"@type\":\"ReadAction\",\"target\":[\"https:\/\/thewebdevpoint.com\/termeni-si-conditii\/\"]}]},{\"@type\":\"BreadcrumbList\",\"@id\":\"https:\/\/thewebdevpoint.com\/termeni-si-conditii\/#breadcrumb\",\"itemListElement\":[{\"@type\":\"ListItem\",\"position\":1,\"name\":\"Acas\u0103\",\"item\":\"https:\/\/thewebdevpoint.com\/\"},{\"@type\":\"ListItem\",\"position\":2,\"name\":\"Termeni \u015fi Condi\u0163ii\"}]},{\"@type\":\"WebSite\",\"@id\":\"https:\/\/thewebdevpoint.com\/ro\/#website\",\"url\":\"https:\/\/thewebdevpoint.com\/ro\/\",\"name\":\"Peles Test\",\"description\":\"\",\"publisher\":{\"@id\":\"https:\/\/thewebdevpoint.com\/ro\/#organization\"},\"potentialAction\":[{\"@type\":\"SearchAction\",\"target\":{\"@type\":\"EntryPoint\",\"urlTemplate\":\"https:\/\/thewebdevpoint.com\/ro\/?s={search_term_string}\"},\"query-input\":{\"@type\":\"PropertyValueSpecification\",\"valueRequired\":true,\"valueName\":\"search_term_string\"}}],\"inLanguage\":\"ro-RO\"},{\"@type\":\"Organization\",\"@id\":\"https:\/\/thewebdevpoint.com\/ro\/#organization\",\"name\":\"Muzeul Pele\u0219\",\"alternateName\":\"MP\",\"url\":\"https:\/\/thewebdevpoint.com\/ro\/\",\"logo\":{\"@type\":\"ImageObject\",\"inLanguage\":\"ro-RO\",\"@id\":\"https:\/\/thewebdevpoint.com\/ro\/#\/schema\/logo\/image\/\",\"url\":\"https:\/\/thewebdevpoint.com\/wp-content\/uploads\/2024\/10\/Logo.svg\",\"contentUrl\":\"https:\/\/thewebdevpoint.com\/wp-content\/uploads\/2024\/10\/Logo.svg\",\"width\":251,\"height\":48,\"caption\":\"Muzeul Pele\u0219\"},\"image\":{\"@id\":\"https:\/\/thewebdevpoint.com\/ro\/#\/schema\/logo\/image\/\"}}]}<\/script>\n<!-- \/ Yoast SEO plugin. -->","yoast_head_json":{"title":"Termeni \u015fi Condi\u0163ii &#183; Peles Test","robots":{"index":"noindex","follow":"follow","max-snippet":"max-snippet:-1","max-image-preview":"max-image-preview:large","max-video-preview":"max-video-preview:-1"},"schema":{"@context":"https:\/\/schema.org","@graph":[{"@type":"WebPage","@id":"https:\/\/thewebdevpoint.com\/termeni-si-conditii\/","url":"https:\/\/thewebdevpoint.com\/termeni-si-conditii\/","name":"Termeni \u015fi Condi\u0163ii &#183; Peles Test","isPartOf":{"@id":"https:\/\/thewebdevpoint.com\/ro\/#website"},"datePublished":"2024-10-08T10:35:36+00:00","dateModified":"2024-12-16T12:57:22+00:00","breadcrumb":{"@id":"https:\/\/thewebdevpoint.com\/termeni-si-conditii\/#breadcrumb"},"inLanguage":"ro-RO","potentialAction":[{"@type":"ReadAction","target":["https:\/\/thewebdevpoint.com\/termeni-si-conditii\/"]}]},{"@type":"BreadcrumbList","@id":"https:\/\/thewebdevpoint.com\/termeni-si-conditii\/#breadcrumb","itemListElement":[{"@type":"ListItem","position":1,"name":"Acas\u0103","item":"https:\/\/thewebdevpoint.com\/"},{"@type":"ListItem","position":2,"name":"Termeni \u015fi Condi\u0163ii"}]},{"@type":"WebSite","@id":"https:\/\/thewebdevpoint.com\/ro\/#website","url":"https:\/\/thewebdevpoint.com\/ro\/","name":"Peles Test","description":"","publisher":{"@id":"https:\/\/thewebdevpoint.com\/ro\/#organization"},"potentialAction":[{"@type":"SearchAction","target":{"@type":"EntryPoint","urlTemplate":"https:\/\/thewebdevpoint.com\/ro\/?s={search_term_string}"},"query-input":{"@type":"PropertyValueSpecification","valueRequired":true,"valueName":"search_term_string"}}],"inLanguage":"ro-RO"},{"@type":"Organization","@id":"https:\/\/thewebdevpoint.com\/ro\/#organization","name":"Muzeul Pele\u0219","alternateName":"MP","url":"https:\/\/thewebdevpoint.com\/ro\/","logo":{"@type":"ImageObject","inLanguage":"ro-RO","@id":"https:\/\/thewebdevpoint.com\/ro\/#\/schema\/logo\/image\/","url":"https:\/\/thewebdevpoint.com\/wp-content\/uploads\/2024\/10\/Logo.svg","contentUrl":"https:\/\/thewebdevpoint.com\/wp-content\/uploads\/2024\/10\/Logo.svg","width":251,"height":48,"caption":"Muzeul Pele\u0219"},"image":{"@id":"https:\/\/thewebdevpoint.com\/ro\/#\/schema\/logo\/image\/"}}]}},"_links":{"self":[{"href":"https:\/\/thewebdevpoint.com\/ro\/wp-json\/wp\/v2\/pages\/5246","targetHints":{"allow":["GET"]}}],"collection":[{"href":"https:\/\/thewebdevpoint.com\/ro\/wp-json\/wp\/v2\/pages"}],"about":[{"href":"https:\/\/thewebdevpoint.com\/ro\/wp-json\/wp\/v2\/types\/page"}],"author":[{"embeddable":true,"href":"https:\/\/thewebdevpoint.com\/ro\/wp-json\/wp\/v2\/users\/1"}],"replies":[{"embeddable":true,"href":"https:\/\/thewebdevpoint.com\/ro\/wp-json\/wp\/v2\/comments?post=5246"}],"version-history":[{"count":1,"href":"https:\/\/thewebdevpoint.com\/ro\/wp-json\/wp\/v2\/pages\/5246\/revisions"}],"predecessor-version":[{"id":9541,"href":"https:\/\/thewebdevpoint.com\/ro\/wp-json\/wp\/v2\/pages\/5246\/revisions\/9541"}],"wp:attachment":[{"href":"https:\/\/thewebdevpoint.com\/ro\/wp-json\/wp\/v2\/media?parent=5246"}],"wp:term":[{"taxonomy":"categorie-pagina","embeddable":true,"href":"https:\/\/thewebdevpoint.com\/ro\/wp-json\/wp\/v2\/categorie-pagina?post=5246"}],"curies":[{"name":"wp","href":"https:\/\/api.w.org\/{rel}","templated":true}]}}