{"id":5247,"date":"2024-10-08T10:35:36","date_gmt":"2024-10-08T10:35:36","guid":{"rendered":"https:\/\/pelestest.thepoint-agency.com\/confidentialitate\/"},"modified":"2024-12-16T14:57:43","modified_gmt":"2024-12-16T12:57:43","slug":"confidentialitate","status":"publish","type":"page","link":"https:\/\/thewebdevpoint.com\/ro\/confidentialitate\/","title":{"rendered":"Confiden\u0163ialitate"},"content":{"rendered":"<p><strong>INFORMA\u0162II DESPRE UTILIZAREA DATELOR DUMNEAVOASTR\u0102 PERSONALE<\/strong><br \/>\n\u00cen conformitate cu prevederile Legii nr. 190\/2018 privind m\u0103suri de punere \u00een aplicare a Regulamentului (UE) 679\/2016 al Parlamentului European \u0219i al Consiliului European din 27 aprilie 2016 privind protec\u021bia persoanelor fizice \u00een ceea ce prive\u0219te prelucrarea datelor cu caracter personal \u0219i privind libera circula\u021bie a acestor date, v\u0103 inform\u0103m c\u0103 beneficia\u021bi de toate drepturile prev\u0103zute la articolele 13-22 din Regulamentul (UE) 679\/2016 al Parlamentului European.<\/p>\n<ul>\n<li>dreptul de acces la date &#8211; art. 15;<\/li>\n<li>dreptul la rectificare &#8211; art. 16;<\/li>\n<li>dreptul la \u0219tergerea datelor (\u201edreptul de a fi uitat\u201d) &#8211; art. 17;<\/li>\n<li>dreptul la restric\u021bionare &#8211; art. 18;<\/li>\n<li>dreptul la portabilitatea datelor &#8211; art. 20;<\/li>\n<li>dreptul la opozi\u021bie &#8211; art. 21.<\/li>\n<\/ul>\n<p>Muzeul Na\u0163ional Pele\u015f \u00ee\u015fi rezerv\u0103 dreptul de a schimba \u015fi actualiza \u00een orice moment con\u0163inutul website-ului www.peles.ro, precum \u015fi Politica de confiden\u0163ialitate f\u0103r\u0103 nici un fel de notificare prealabil\u0103. De aceea, v\u0103 rug\u0103m s\u0103 vizita\u0163i periodic aceast\u0103 sec\u0163iune pentru a verifica termenii \u015fi condi\u0163iile pe care a\u0163i acceptat s\u0103 le respecta\u0163i.<\/p>\n<p><strong>ADMINISTRAREA PAROLELOR \u015eI CODURILOR DE ACCES<\/strong><br \/>\n\u00cen cursul procedurii de \u00eenregistrare, v\u0103 alege\u0163i un nume de cont \u015fi o parol\u0103. Sunte\u0163i singurul responsabil pentru p\u0103strarea caracterului confiden\u0163ial al contului dumneavoastr\u0103, precum \u015fi a parolei \u015fi al tuturor ac\u0163iunilor pasibile de a fi executate \u00een contul \u015fi\/sau cu parola dumneavoastr\u0103. V\u0103 angaja\u0163i s\u0103 informa\u0163i imediat Muzeul Na\u0163ional Pele\u015f cu privire la orice utilizare neautorizat\u0103 a contului \u015fi\/sau parolei dumneavoastr\u0103, precum \u015fi s\u0103 v\u0103 asigura\u0163i c\u0103 v\u0103 deconecta\u0163i la ie\u015firea din fiecare sesiune.<\/p>\n<p>Muzeul Na\u0163ional Pele\u015f nu va putea fi facut responsabil \u00een caz de pierdere, daun\u0103 sau lips\u0103 a beneficiului rezult\u00e2nd din ne\u00eendeplinirea de c\u0103tre dumneavoastr\u0103 a acestor obliga\u0163ii.<\/p>\n<p><strong>DATE PERSONALE \u015eI ALTE DATE<\/strong><br \/>\nPute\u0163i consulta acest site f\u0103r\u0103 s\u0103 v\u0103 dezv\u0103lui\u0163i identitatea sau s\u0103 da\u0163i cea mai mic\u0103 informa\u0163ie \u00een ceea ce v\u0103 prive\u015fte.<\/p>\n<p>Informa\u0163iile fara caracter personal pe care ni le ve\u0163i comunica vor fi considerate ca fiind neconfiden\u0163iale \u015fi vor putea fi utilizate \u015fi difuzate de c\u0103tre Muzeul Na\u0163ional Pele\u015f afilia\u0163ilor s\u0103i \u015fi salaria\u0163ilor \u00een mod liber, cu respectarea dispozi\u0163iilor legale aplicabile, precum \u015fi a dispozi\u0163iilor privind secretul bancar.<\/p>\n<p><strong>DATE PERSONALE<\/strong><br \/>\nPreocup\u00e2ndu-se \u00een mod special de transparen\u0163a \u015fi protec\u0163ia drepturilor dumneavoastr\u0103, Muzeul Na\u0163ional Pele\u015f nu-\u015fi va procura informa\u0163ii care s\u0103 permit\u0103 unor ter\u0163i s\u0103 v\u0103 identifice personal, except\u00e2nd situa\u0163ia \u00een care dumneavoastr\u0103 \u00een\u015fiv\u0103 v\u0103 dati acordul pentru aceasta operatiune.<\/p>\n<p>Nici o exploatare comercial\u0103, fie ea par\u0163ial\u0103, a datelor primite nu va putea fi efectuat\u0103 f\u0103r\u0103 acordul dumneavoastr\u0103 prealabil.<\/p>\n<p>Aceste informa\u0163ii sunt confiden\u0163iale \u015fi p\u0103strate de c\u0103tre Muzeul Na\u0163ional Pele\u015f, afilia\u0163ii si angaja\u0163ii s\u0103i, \u00een conformitate cu prevederile Legii nr. 190\/2018 privind m\u0103surile de punere \u00een aplicare a Regulamentului (UE) 670\/2016 al Parlamentului European \u0219i al Consiliului din 27 aprilie 2016 privind protec\u021bia persoanelor fizice \u00een ceea ce prive\u0219te prelucrarea datelor cu caracter personal \u0219i privind libera circula\u021bie a acestor date.<\/p>\n<p><strong>DATE F\u0102R\u0102 CARACTER PERSONAL<\/strong><br \/>\nInforma\u0163iile f\u0103r\u0103 caracter personal pe care ni le comunica\u0163i \u015fi care se refer\u0103 la preferin\u0163ele dumneavoastr\u0103, interesele principale \u015fi pasiunile dumneavoastr\u0103 sunt utilizate pentru a crea \u015fi a v\u0103 propune servicii adaptate gusturilor dumneavoastr\u0103.<\/p>\n<p>Este posibil s\u0103 ob\u0163inem informa\u0163ii \u00een mod automat, dar care nu pot fi \u00een nici un caz asociate vreunei persoane. Aceste informa\u0163ii se refer\u0103 la tipul de browser pe care \u00eel utiliza\u0163i, la platforma computerului dumneavoastr\u0103 \u015fi la numele domeniului prin care ave\u0163i acces la site-ul nostru.<\/p>\n<p><strong>\u201eCOOKIES\u201d<\/strong><br \/>\nChiar de la prima vizit\u0103 a dumneavoastr\u0103 pe site-ul nostru, putem insera un cookie \u00een computerul dumneavoastr\u0103. Un cookie este un mic bloc de date trimis browser-ului dumneavoastr\u0103 de c\u0103tre un server web \u015fi stocat pe hard disk-ul computerului dumneavoastr\u0103. Acest cookie nu ne permite s\u0103 v\u0103 identific\u0103m personal. De o manier\u0103 general\u0103, ne permite s\u0103 \u00eenregistr\u0103m informa\u0163ii referitoare la naviga\u0163ia computerului dumneavoastr\u0103 pe site-ul nostru (paginile pe care le-a\u0163i consultat, data \u015fi ora consult\u0103rii etc.) pe care le vom putea citi odat\u0103 cu vizitele dumneavoastr\u0103 ulterioare.<\/p>\n<p>Pute\u0163i, fire\u015fte, s\u0103 v\u0103 opune\u0163i inser\u0103rii de cookies set\u00e2ndu-v\u0103 browser-ul \u00een modul respectiv. Pute\u0163i suprima cookies \u00een orice moment \u015fi \u00een mod individual fiind asistat de manualul de utilizare al computerului dumneavoastr\u0103.<\/p>\n","protected":false},"excerpt":{"rendered":"<p>INFORMA\u0162II DESPRE UTILIZAREA DATELOR DUMNEAVOASTR\u0102 PERSONALE \u00cen conformitate cu prevederile Legii nr. 190\/2018 privind m\u0103suri de punere \u00een aplicare a Regulamentului (UE) 679\/2016 al Parlamentului European \u0219i al Consiliului European din 27 aprilie 2016 privind protec\u021bia persoanelor fizice \u00een ceea ce prive\u0219te prelucrarea datelor cu caracter personal \u0219i privind libera circula\u021bie a acestor date, v\u0103 [&hellip;]<\/p>\n","protected":false},"author":1,"featured_media":0,"parent":0,"menu_order":0,"comment_status":"closed","ping_status":"closed","template":"","meta":{"_acf_changed":false,"footnotes":""},"categorie-pagina":[350],"class_list":["post-5247","page","type-page","status-publish","hentry","categorie-pagina-legal"],"acf":[],"yoast_head":"<!-- This site is optimized with the Yoast SEO plugin v24.1 - https:\/\/yoast.com\/wordpress\/plugins\/seo\/ -->\n<title>Confiden\u0163ialitate &#183; Peles Test<\/title>\n<meta name=\"robots\" content=\"noindex, follow, max-snippet:-1, max-image-preview:large, max-video-preview:-1\" \/>\n<script type=\"application\/ld+json\" class=\"yoast-schema-graph\">{\"@context\":\"https:\/\/schema.org\",\"@graph\":[{\"@type\":\"WebPage\",\"@id\":\"https:\/\/thewebdevpoint.com\/ro\/confidentialitate\/\",\"url\":\"https:\/\/thewebdevpoint.com\/ro\/confidentialitate\/\",\"name\":\"Confiden\u0163ialitate &#183; Peles Test\",\"isPartOf\":{\"@id\":\"https:\/\/thewebdevpoint.com\/ro\/#website\"},\"datePublished\":\"2024-10-08T10:35:36+00:00\",\"dateModified\":\"2024-12-16T12:57:43+00:00\",\"breadcrumb\":{\"@id\":\"https:\/\/thewebdevpoint.com\/ro\/confidentialitate\/#breadcrumb\"},\"inLanguage\":\"ro-RO\",\"potentialAction\":[{\"@type\":\"ReadAction\",\"target\":[\"https:\/\/thewebdevpoint.com\/ro\/confidentialitate\/\"]}]},{\"@type\":\"BreadcrumbList\",\"@id\":\"https:\/\/thewebdevpoint.com\/ro\/confidentialitate\/#breadcrumb\",\"itemListElement\":[{\"@type\":\"ListItem\",\"position\":1,\"name\":\"Acas\u0103\",\"item\":\"https:\/\/thewebdevpoint.com\/\"},{\"@type\":\"ListItem\",\"position\":2,\"name\":\"Confiden\u0163ialitate\"}]},{\"@type\":\"WebSite\",\"@id\":\"https:\/\/thewebdevpoint.com\/ro\/#website\",\"url\":\"https:\/\/thewebdevpoint.com\/ro\/\",\"name\":\"Peles Test\",\"description\":\"\",\"publisher\":{\"@id\":\"https:\/\/thewebdevpoint.com\/ro\/#organization\"},\"potentialAction\":[{\"@type\":\"SearchAction\",\"target\":{\"@type\":\"EntryPoint\",\"urlTemplate\":\"https:\/\/thewebdevpoint.com\/ro\/?s={search_term_string}\"},\"query-input\":{\"@type\":\"PropertyValueSpecification\",\"valueRequired\":true,\"valueName\":\"search_term_string\"}}],\"inLanguage\":\"ro-RO\"},{\"@type\":\"Organization\",\"@id\":\"https:\/\/thewebdevpoint.com\/ro\/#organization\",\"name\":\"Muzeul Pele\u0219\",\"alternateName\":\"MP\",\"url\":\"https:\/\/thewebdevpoint.com\/ro\/\",\"logo\":{\"@type\":\"ImageObject\",\"inLanguage\":\"ro-RO\",\"@id\":\"https:\/\/thewebdevpoint.com\/ro\/#\/schema\/logo\/image\/\",\"url\":\"https:\/\/thewebdevpoint.com\/wp-content\/uploads\/2024\/10\/Logo.svg\",\"contentUrl\":\"https:\/\/thewebdevpoint.com\/wp-content\/uploads\/2024\/10\/Logo.svg\",\"width\":251,\"height\":48,\"caption\":\"Muzeul Pele\u0219\"},\"image\":{\"@id\":\"https:\/\/thewebdevpoint.com\/ro\/#\/schema\/logo\/image\/\"}}]}<\/script>\n<!-- \/ Yoast SEO plugin. -->","yoast_head_json":{"title":"Confiden\u0163ialitate &#183; Peles Test","robots":{"index":"noindex","follow":"follow","max-snippet":"max-snippet:-1","max-image-preview":"max-image-preview:large","max-video-preview":"max-video-preview:-1"},"schema":{"@context":"https:\/\/schema.org","@graph":[{"@type":"WebPage","@id":"https:\/\/thewebdevpoint.com\/ro\/confidentialitate\/","url":"https:\/\/thewebdevpoint.com\/ro\/confidentialitate\/","name":"Confiden\u0163ialitate &#183; Peles Test","isPartOf":{"@id":"https:\/\/thewebdevpoint.com\/ro\/#website"},"datePublished":"2024-10-08T10:35:36+00:00","dateModified":"2024-12-16T12:57:43+00:00","breadcrumb":{"@id":"https:\/\/thewebdevpoint.com\/ro\/confidentialitate\/#breadcrumb"},"inLanguage":"ro-RO","potentialAction":[{"@type":"ReadAction","target":["https:\/\/thewebdevpoint.com\/ro\/confidentialitate\/"]}]},{"@type":"BreadcrumbList","@id":"https:\/\/thewebdevpoint.com\/ro\/confidentialitate\/#breadcrumb","itemListElement":[{"@type":"ListItem","position":1,"name":"Acas\u0103","item":"https:\/\/thewebdevpoint.com\/"},{"@type":"ListItem","position":2,"name":"Confiden\u0163ialitate"}]},{"@type":"WebSite","@id":"https:\/\/thewebdevpoint.com\/ro\/#website","url":"https:\/\/thewebdevpoint.com\/ro\/","name":"Peles Test","description":"","publisher":{"@id":"https:\/\/thewebdevpoint.com\/ro\/#organization"},"potentialAction":[{"@type":"SearchAction","target":{"@type":"EntryPoint","urlTemplate":"https:\/\/thewebdevpoint.com\/ro\/?s={search_term_string}"},"query-input":{"@type":"PropertyValueSpecification","valueRequired":true,"valueName":"search_term_string"}}],"inLanguage":"ro-RO"},{"@type":"Organization","@id":"https:\/\/thewebdevpoint.com\/ro\/#organization","name":"Muzeul Pele\u0219","alternateName":"MP","url":"https:\/\/thewebdevpoint.com\/ro\/","logo":{"@type":"ImageObject","inLanguage":"ro-RO","@id":"https:\/\/thewebdevpoint.com\/ro\/#\/schema\/logo\/image\/","url":"https:\/\/thewebdevpoint.com\/wp-content\/uploads\/2024\/10\/Logo.svg","contentUrl":"https:\/\/thewebdevpoint.com\/wp-content\/uploads\/2024\/10\/Logo.svg","width":251,"height":48,"caption":"Muzeul Pele\u0219"},"image":{"@id":"https:\/\/thewebdevpoint.com\/ro\/#\/schema\/logo\/image\/"}}]}},"_links":{"self":[{"href":"https:\/\/thewebdevpoint.com\/ro\/wp-json\/wp\/v2\/pages\/5247","targetHints":{"allow":["GET"]}}],"collection":[{"href":"https:\/\/thewebdevpoint.com\/ro\/wp-json\/wp\/v2\/pages"}],"about":[{"href":"https:\/\/thewebdevpoint.com\/ro\/wp-json\/wp\/v2\/types\/page"}],"author":[{"embeddable":true,"href":"https:\/\/thewebdevpoint.com\/ro\/wp-json\/wp\/v2\/users\/1"}],"replies":[{"embeddable":true,"href":"https:\/\/thewebdevpoint.com\/ro\/wp-json\/wp\/v2\/comments?post=5247"}],"version-history":[{"count":1,"href":"https:\/\/thewebdevpoint.com\/ro\/wp-json\/wp\/v2\/pages\/5247\/revisions"}],"predecessor-version":[{"id":9513,"href":"https:\/\/thewebdevpoint.com\/ro\/wp-json\/wp\/v2\/pages\/5247\/revisions\/9513"}],"wp:attachment":[{"href":"https:\/\/thewebdevpoint.com\/ro\/wp-json\/wp\/v2\/media?parent=5247"}],"wp:term":[{"taxonomy":"categorie-pagina","embeddable":true,"href":"https:\/\/thewebdevpoint.com\/ro\/wp-json\/wp\/v2\/categorie-pagina?post=5247"}],"curies":[{"name":"wp","href":"https:\/\/api.w.org\/{rel}","templated":true}]}}