{"id":8651,"date":"2024-10-08T11:59:10","date_gmt":"2024-10-08T11:59:10","guid":{"rendered":"https:\/\/pelestest.thepoint-agency.com\/istoricul-castelului-peles\/"},"modified":"2024-12-18T16:49:34","modified_gmt":"2024-12-18T14:49:34","slug":"istoricul-castelului-peles","status":"publish","type":"page","link":"https:\/\/thewebdevpoint.com\/ro\/despre\/istoricul-castelului-peles\/","title":{"rendered":"Istoricul Castelului Pele\u0219"},"content":{"rendered":"\t\t<div data-elementor-type=\"wp-page\" data-elementor-id=\"8651\" class=\"elementor elementor-8651\" data-elementor-post-type=\"page\">\n\t\t\t\t<div class=\"elementor-element elementor-element-17f3fcf0 e-flex e-con-boxed e-con e-parent\" data-id=\"17f3fcf0\" data-element_type=\"container\">\n\t\t\t\t\t<div class=\"e-con-inner\">\n\t\t\t\t<div class=\"elementor-element elementor-element-618fae29 elementor-widget elementor-widget-text-editor\" data-id=\"618fae29\" data-element_type=\"widget\" data-widget_type=\"text-editor.default\">\n\t\t\t\t<div class=\"elementor-widget-container\">\n\t\t\t\t\t\t\t\t\t<div id=\"attachment_1323\" class=\"wp-caption alignleft\"><figure id=\"attachment_1323\" aria-describedby=\"caption-attachment-1323\" style=\"width: 222px\" class=\"wp-caption alignleft\"><img fetchpriority=\"high\" decoding=\"async\" class=\"wp-image-1323 size-medium\" title=\"Carol I\" src=\"https:\/\/pelestest.thepoint-agency.com\/wp-content\/uploads\/2016\/08\/1-.-Carol-I-pe-terasa1-222x300.jpg\" alt=\"Carol I\" width=\"222\" height=\"300\" \/><figcaption id=\"caption-attachment-1323\" class=\"wp-caption-text\">Regele Carol I, \u00een uniform\u0103 de general de cavalerie, pe terasa de nord a castelului Pele\u015f, l\u00e2ng\u0103 statuia Sf\u00e2ntului Gheorghe, opera artistului german, Rottermun, cca 1912<\/figcaption><\/figure><\/div><p><strong>Context urban: <\/strong>Castelul Pele\u015f a fost construit la ini\u0163iativa primului Rege al Rom\u00e2niei, Carol I, \u00een afara perimetrului comunei Podul Neagului, localitate cu o suprafa\u0163\u0103 de 24 de km \u00een anul 1874, an \u00een care, din ini\u0163iativa suveranului, comuna prime\u015fte numele de Sinaia. Un an mai t\u00e2rziu, \u00een centrul localit\u0103\u0163ii sunt construite primele case boiere\u015fti, iar \u00een 1876 \u00eencepe construirea c\u0103ii ferate Ploie\u015fti \u2013 Predeal, care str\u0103bate \u015fi Sinaia. Concomitent, \u00eentre anii 1873 \u015fi 1875 a fost edificat\u0103 funda\u0163ia castelului Pele\u015f. Ceremonia de punere a pietrei de temelie a re\u015fedin\u0163ei a avut loc \u00eentr-un cadru festiv la 10\/22 august 1875.<\/p><p><strong>Epoc\u0103: <\/strong>1873 \u2013 1914, pe un teren de 1000 de hectare numit Piatra Ars\u0103 sau mo\u015fia Sinaia, achizi\u0163ionat de Regele Carol I de la Eforia Spitalelor \u00een anul 1871.<\/p><p><strong>Autori: <\/strong>arhitec\u0163i: Wilhelm von Doderer (1872\u20131876), profesor la Technische Hochschule din Viena, Johannes Schultz (1873, diriginte de \u015fantier, asistentul lui Doderer, iar din 1876 p\u00e2n\u0103 \u00een 1883, arhitect-\u015fef), \u00c9mile Andr\u00e9 Lecomte du No\u00fcy (1890 \u2013 1892), Karel Liman (1896 \u2013 1924); Jean Ernest, antreprenori, constructori \u015fi proprietari de depozite de materiale de construc\u0163ie.<\/p><p><strong>Situa\u0163ie juridic\u0103: <\/strong>fost\u0103 re\u015fedin\u0163\u0103 regal\u0103 (1883 \u2013 1947), na\u0163ionalizat\u0103 \u00een 1948, muzeu din 1953 \u00een 1975 \u015fi din 1990 p\u00e2n\u0103 azi, proprietate din anul 2007 a Maiest\u0103\u0163ii Sale, Regele Mihai I al Rom\u00e2niei \u015fi institu\u0163ie public\u0103 administrat\u0103 de Statul rom\u00e2n, sub egida Ministerului Culturii \u015fi Patrimoniului Na\u0163ional.<\/p><div id=\"attachment_1325\" class=\"wp-caption alignright\"><figure id=\"attachment_1325\" aria-describedby=\"caption-attachment-1325\" style=\"width: 300px\" class=\"wp-caption alignright\"><img decoding=\"async\" class=\"wp-image-1325 size-medium\" title=\"Proiect Doderer\" src=\"https:\/\/pelestest.thepoint-agency.com\/wp-content\/uploads\/2016\/08\/2.-Proiect-Doderer-18731-300x200.jpg\" alt=\"Proiect Doderer\" width=\"300\" height=\"200\" \/><figcaption id=\"caption-attachment-1325\" class=\"wp-caption-text\">Unul dintre cele trei proiecte prezentate la 1873 lui Carol de Hohenzollern-Sigmaringen de c\u0103tre primul arhitect al castelului Pele\u015f, Wilhelm von Doderer (1825-1900) \u015fi respinse de comanditar<\/figcaption><\/figure><\/div><p><strong>Contextul istoric al edificiului<\/strong>: Castelul Pele\u015f a fost construit la ini\u0163iativa Regelui Carol I,\u00a0 pentru a-i servi drept re\u015fedin\u0163\u0103 de var\u0103, investit\u0103 cu func\u0163ii politice, culturale \u015fi simbolice. Dup\u0103 1914, castelul Pele\u015f \u015fi-a exersat \u00een continuare func\u0163ia de reprezentare \u015fi de muzeu, f\u0103r\u0103 a mai fi \u00eens\u0103 locuit timp 6 luni pe an, a\u015fa cum obi\u015fnuia suveranul fondator. P\u00e2n\u0103 \u00een 1947, devine spa\u0163iu aulic pentru vizitele oficiale sau g\u0103zduie\u015fte ceremonii cu caracter militar. Cel mai important eveniment organizat la Sinaia \u015fi g\u0103zduit de castelul Pele\u015f p\u00e2n\u0103 la abdicarea Regelui Mihai, \u00een decembrie 1947, a fost legat de s\u0103rb\u0103torirea semicentenarului castelului \u00een anul 1933 de c\u0103tre Regele Carol al II-lea (1930-1940). \u00cen perioada ianuarie \u2013 martie 1948, castelul este \u00eenchis din ordinul autorit\u0103\u0163ilor comuniste, iar bunurile de patrimoniu sunt inventariate. Cea mai mare parte a colec\u0163iilor de pictur\u0103, mobilier, textile, piese de art\u0103 decorativ\u0103 \u015fi c\u0103r\u0163i au fost transferate la Muzeul de Art\u0103 din capital\u0103. Din luna mai a aceluia\u015fi an, alte piese au intrat \u00een custodia diferitor institu\u0163ii de cultur\u0103 din marile ora\u015fe ale Rom\u00e2niei, Bucure\u015fti, Bra\u015fov, Sibiu etc. Din anul 1953, castelul devine Muzeu Na\u0163ional, deschis publicului larg, \u00een timp ce celelalte imobile situate pe domeniul Pele\u015f, precum castelele Peli\u015for, re\u015fedin\u0163a particular\u0103 a celui de-al doilea cuplu regal, Ferdinand I, Maria \u015fi Foi\u015for, fosta Cas\u0103 de v\u00e2n\u0103toare a primului Rege al Rom\u00e2niei \u015fi re\u015fedin\u0163\u0103 a regilor Carol al II-lea \u015fi Mihai I vor deveni case de crea\u0163ie \u015fi odihn\u0103 pentru scriitorii, muzicologii \u015fi arti\u015ftii plastici agrea\u0163i de regimul comunist. Dou\u0103 decenii mai t\u00e2rziu, \u00een anul 1975, starea de conservare tot mai critic\u0103 a imobilului determin\u0103 m\u0103sura \u00eenchiderii acestuia \u015fi evacuarea unei p\u0103r\u0163i importante a patrimoniului muzeal \u00een depozitele amenajate \u00eentr-un vechi conac boieresc al familiei Bibescu din Posada, localitate situat\u0103 la cca 20 de km sud de Sinaia. \u00centre anii 1966 \u015fi 1982, \u00eentr-o fost\u0103 dependin\u0163\u0103 a castelului regal, situat\u0103 \u00een apropierea acestuia, a fost amenajat Muzeul de Art\u0103 Decorativ\u0103 (Ceramica), ce valorifica piese reprezentative din vechile colec\u0163ii regale. Concomitent cu lucr\u0103rile masive de restaurare, castelul g\u0103zduie\u015fte p\u00e2n\u0103 \u00een 1989, anul \u00eenl\u0103tur\u0103rii regimului comunist \u00een Rom\u00e2nia, o serie de vizite de \u015fefi de stat. Din 1990, respectiv 1993 \u015fi p\u00e2n\u0103 azi, castelele Pele\u015f \u015fi Peli\u015for sunt redeschise spre vizitare. \u00cen anul 2007, dup\u0103 cinci ani de negocieri \u00eentre Statul rom\u00e2n \u015fi Casa regal\u0103, se ajunge la un acord, prin care castelul Pele\u015f, castelul Peli\u015for, precum \u015fi \u00eentregul domeniu Pele\u015f alc\u0103tuit din fostele dependin\u0163e regale, au reintrat \u00een proprietatea Regelui Mihai I (1927-1930, 1940-1947), dar continu\u0103 s\u0103 fie administrate de statul rom\u00e2n. Excep\u0163ie face castelul Foi\u015for, cl\u0103dire inaugurat\u0103 \u00een anul 1881. Acordul cu Casa regal\u0103, expirat \u00een anul 2009, \u00een cazul castelului Peli\u015for \u015fi \u00een 2010, \u00een cazul castelului Pele\u015f, a fost din nou prelungit.<\/p><p>\u00cen 1932, Foi\u015forul a c\u0103zut prad\u0103 unui incendiu devastator. A fost reconstruit un an mai t\u00e2rziu \u00a0\u00een perioada Regelui Carol al II-lea (1930-1940). \u00cen anii 1970, cl\u0103dirii ini\u0163iale i s-a ad\u0103ugat o arip\u0103 nou\u0103 \u015fi interioarele au suferit modific\u0103ri semnificative. Dup\u0103 1989, cl\u0103direa a devenit vil\u0103 de protocol a pre\u015fedin\u0163iei Rom\u00e2niei, statut pe care continu\u0103 s\u0103 \u00eel p\u0103streze.<\/p><div id=\"attachment_1337\" class=\"wp-caption alignright\"><p><strong><img decoding=\"async\" class=\"size-medium wp-image-1337\" title=\"Vedere Aer\" src=\"https:\/\/pelestest.thepoint-agency.com\/wp-content\/uploads\/2016\/08\/4.-Vedere-aeriana-300x217.jpg\" alt=\"Vedere Aer\" width=\"300\" height=\"217\" \/><\/strong><\/p><p class=\"wp-caption-text\">Vedere panoramic\u0103 a castelului Pele\u015f, azi<\/p><\/div><p><strong>Proiect, perioad\u0103 de realizare, fabrican\u0163i, materiale<\/strong>: Elaborarea planurilor ini\u0163iale ale castelului Pele\u015f i-au fost \u00eencredin\u0163ate arhitectului Wilhelm von Doderer (1825-1900), profesor la Technische Hochschule din Viena. Doderer a \u00eenaintat suveranului trei propuneri de proiecte arhitectonice, inspirate din arhitectura castelelor renascentiste franceze de pe valea Loirei, ca \u015fi din stilul edificiilor vieneze de pe Ringstrasse. Proiectele sunt respinse de c\u0103tre Carol I \u00een 1876, iar conducerea lucr\u0103rilor este \u00eencredin\u0163at\u0103 arhitectului german, Johannes Schultz, care elaboreaz\u0103 planurile castelului \u00een prima sa faz\u0103 de construc\u0163ie (1879 \u2013 1883). Cl\u0103direa cu aspect de chalet elve\u0163ian, compus\u0103 din dou\u0103 etaje propus\u0103 de Schultz, era decorat\u0103 la exterior \u00een stil german, Fachwerk.<\/p><p>La 1890, este construit\u0103 pe locul terasei acoperite de pe aripa de sud, Sala Maur\u0103, dup\u0103 proiecte atribuite arhitectului francez, \u00c9mile Andr\u00e9 Lecomte du No\u00fcy, \u00a0discipolul celebrului arhitect francez, Violet Le Duc.<\/p><p>\u00cen anul 1894, la conducerea lucr\u0103rilor este\u00a0 numit arhitectul ceh, Karel Liman (1860 ? \u2013 1928). Sub coordonarea sa, \u00eentre 1895-1897 sunt amenajate Capela reginei Elisabeta de la etaj, Apartamentele principeselor de Wied \u015fi Hohenzollern de pe latura de nord \u015fi Mezaninul.<\/p><p>\u00cen anul 1884 este instalat\u0103 re\u0163eaua electric\u0103, castelul dispun\u00e2nd de un grup electrogen propriu, iar la 1897 este construit\u0103 centrala electric\u0103.<\/p><div id=\"attachment_1339\" class=\"wp-caption alignleft\"><p><img loading=\"lazy\" decoding=\"async\" class=\"size-medium wp-image-1339\" title=\"Apartament Imperial\" src=\"https:\/\/pelestest.thepoint-agency.com\/wp-content\/uploads\/2016\/08\/9.-Peles-7-300x199.jpg\" alt=\"Apartament Imperial\" width=\"300\" height=\"199\" \/><\/p><p class=\"wp-caption-text\">Salonul mare al Apartamentului imperial<\/p><\/div><p>\u00centre anii 1903 \u2013 1906, Liman proiecteaz\u0103 Galeria de marmur\u0103, Sala de concerte, Sala mic\u0103 de muzic\u0103 \u015fi Baia reginei \u015fi amenajeaz\u0103 \u00eenc\u0103peri la nivelul al II-lea, corespondentul primei Mansarde: camera doamnei Mavrogheni, marea doamn\u0103 a Palatului \u015fi apartamentele oaspe\u0163ilor din aripa de nord a castelului.<\/p><p>\u00centre 1906-1914, se \u00eentreprind lucr\u0103rile de amenajare a teraselor exterioare. La 1906 este \u00een\u0103l\u0163at turnul central al castelului, unde un an mai t\u00e2rziu a fost montat ceasul cu trei cadrane, crea\u0163ie a <em>Fabricii de ceasuri de turn a Cur\u0163ii regale din Bavaria,<\/em> <em>Johann Mannhardt<\/em><em>.<\/em>Totodat\u0103, sunt amenajate Sala veche de muzic\u0103, Sala Florentin\u0103 \u015fi Sala Coloanelor, pe locul primei Camere de \u015fah, iar Sufrageria regal\u0103 este extins\u0103. La etaj, pe aripa de nord, este construit Apartamentul primului ministru.<\/p><p>\u00centre anii 1905 \u2013 1906, sunt concepute vastul Apartament imperial, compus din Salon mare, Salon mic, Dormitor, Budoir, Baie \u015fi Camera valetului \u015fi Apartamentul principilor mo\u015ftenitori, Ferdinand \u2013 Maria.<\/p><p>\u00cen anul 1906, au loc modific\u0103ri ale S\u0103lii de teatru de la Parter. Tot acum, sala este adaptat\u0103 proiec\u0163iilor cinematografice, prin amenajarea cabinei de proiec\u0163ie. Aparatura cinematografic\u0103 a fost modernizat\u0103 \u00a0\u00een 1939, de Societatea Concordia din Bucure\u015fti, la cererea expres\u0103 a regelui Carol al II-lea.<\/p><p>\u00centre anii 1908 \u2013 1911, este definitivat\u0103 construc\u0163ia S\u0103lilor de arme, ca \u015fi decora\u0163ia\u00a0 S\u0103lii Florentine, dup\u0103 planurile arhitec\u0163ilor Karel Liman \u015fi Ferdinand de Tiersch, acesta din urm\u0103, consilier al regelui Ludovic al II-lea al Bavariei.<\/p><p>\u00centre anii 1907 \u015fi 1911, este amenajat Holul de onoare pe locul celei de-a doua cur\u0163i interioare, principala sal\u0103 de recep\u0163ie a castelului. Holul este decorat \u00een stilul Rena\u015fterii germane, cu subtile accente baroce, de c\u0103tre Bernhard Ludwig din Viena, care colaboreaz\u0103 str\u00e2ns cu arhitectul Liman. Modelul de inspira\u0163ie al s\u0103lii \u00eel constituie Sala Fredenhagen a Palatului Camerei de Comer\u0163 din L\u00fcbeck. \u00cen paralel, sunt construite la Parter, Sala de \u015fah \u015fi Sala de biliard, \u00een continuarea S\u0103lii maure.<\/p><p>\u00cen sf\u00e2r\u015fit, \u00eentre anii 1911-1914 este \u00a0amenajat\u0103 terasa cu busturi de \u00eemp\u0103ra\u0163i romani, iar pe aripa de sud-est, este proiectat\u0103 Sala consiliilor de c\u0103tre arhitectul Liman \u015fi decoratorul vienez, Bernhard Ludwig. Moartea regelui Carol I la 27 septembrie 1914, marcheaz\u0103 finalul vastului proiect arhitectonic coordonat de suveran.<\/p><div id=\"attachment_1345\" class=\"wp-caption alignright\"><p><strong><img loading=\"lazy\" decoding=\"async\" class=\"size-medium wp-image-1345\" title=\"Bernhard Ludwig\" src=\"https:\/\/pelestest.thepoint-agency.com\/wp-content\/uploads\/2016\/08\/5.-Bernhard-Ludwig-215x300.jpg\" alt=\"Bernhard Ludwig\" width=\"215\" height=\"300\" \/><\/strong><\/p><p class=\"wp-caption-text\">Cel mai important decorator<br \/>al castelului Pele\u015f, vienezul<br \/>Bernhard Ludwig \u2013 fiul, \u00een<br \/>Holul de onoare, opera sa, cca 1910<\/p><\/div><p><strong>Furnizori de obiecte de art\u0103: <\/strong>Dintre furnizorii principali, pentru prima etap\u0103 de construc\u0163ie, amintim casa Heymann din Hamburg \u015fi atelierul condus de August Bemb\u00e9 din K\u00f6ln-Mainz. Dintre cei care au lucrat constant la decorarea \u015fi furnizarea de piese de art\u0103 decorativ\u0103 pentru castel, din 1883 p\u00e2n\u0103 \u00een 1914, \u00eei men\u0163ion\u0103m pe Joseph Dollitschek, arhitect \u015fi decorator din Viena, Anton P\u00f6ssenbacher din M\u00fcnchen, creator de decora\u0163iuni \u015fi de piese de mobilier \u015fi L. Bernheimer, din acela\u015fi ora\u015f, furnizor de decora\u0163iuni interioare, mobilier, covoare orientale, Habie&amp;Polako, din Viena, furnizori de covoare gen Smyrna, atelierele Zettler din M\u00fcnchen, 1882, creatorii de vitralii. Acestea au fost lucrate de patruzeci de arti\u015fti \u015fi tehnicieni timp de trei ani dup\u0103 schi\u0163ele color executate de profesorii E. Widmann si Julius Juers. F. X. Barth. Cel\u0103lalt autor de vitralii al castelului Pele\u015f a fost A. Zw\u00f6lfer, titularul unui celebru atelier vienez, cu filiala la Bucure\u015fti. Colec\u0163iile de art\u0103 decorativ\u0103 s-au constituit prin cooptarea unor celebre firme occidentale din epoc\u0103: Odiot, din Paris, Eduard Wollenweber, M\u00fcnchen \u015fi Paul Telge, din Berlin, creatori \u015fi furnizori de produse de orfevr\u0103rie. Lor li s-au al\u0103turat Josef Resch, celebru magazin de bijuterii din Paris \u015fi J.A Eysser, fabricant faimos de mobilier din N\u00fcrenberg.<\/p>\t\t\t\t\t\t\t\t<\/div>\n\t\t\t\t<\/div>\n\t\t\t\t\t<\/div>\n\t\t\t\t<\/div>\n\t\t\t\t<\/div>\n\t\t","protected":false},"excerpt":{"rendered":"<p>Context urban: Castelul Pele\u015f a fost construit la ini\u0163iativa primului Rege al Rom\u00e2niei, Carol I, \u00een afara perimetrului comunei Podul Neagului, localitate cu o suprafa\u0163\u0103 de 24 de km \u00een anul 1874, an \u00een care, din ini\u0163iativa suveranului, comuna prime\u015fte numele de Sinaia. Un an mai t\u00e2rziu, \u00een centrul localit\u0103\u0163ii sunt construite primele case boiere\u015fti, [&hellip;]<\/p>\n","protected":false},"author":1,"featured_media":0,"parent":15048,"menu_order":0,"comment_status":"closed","ping_status":"open","template":"","meta":{"_acf_changed":false,"footnotes":""},"categorie-pagina":[],"class_list":["post-8651","page","type-page","status-publish","hentry"],"acf":[],"yoast_head":"<!-- This site is optimized with the Yoast SEO plugin v24.1 - https:\/\/yoast.com\/wordpress\/plugins\/seo\/ -->\n<title>Istoricul Castelului Pele\u0219 &#183; Peles Test<\/title>\n<meta name=\"robots\" content=\"noindex, follow, max-snippet:-1, max-image-preview:large, max-video-preview:-1\" \/>\n<script type=\"application\/ld+json\" class=\"yoast-schema-graph\">{\"@context\":\"https:\/\/schema.org\",\"@graph\":[{\"@type\":\"WebPage\",\"@id\":\"https:\/\/thewebdevpoint.com\/ro\/despre\/istoricul-castelului-peles\/\",\"url\":\"https:\/\/thewebdevpoint.com\/ro\/despre\/istoricul-castelului-peles\/\",\"name\":\"Istoricul Castelului Pele\u0219 &#183; Peles Test\",\"isPartOf\":{\"@id\":\"https:\/\/thewebdevpoint.com\/ro\/#website\"},\"primaryImageOfPage\":{\"@id\":\"https:\/\/thewebdevpoint.com\/ro\/despre\/istoricul-castelului-peles\/#primaryimage\"},\"image\":{\"@id\":\"https:\/\/thewebdevpoint.com\/ro\/despre\/istoricul-castelului-peles\/#primaryimage\"},\"thumbnailUrl\":\"https:\/\/pelestest.thepoint-agency.com\/wp-content\/uploads\/2016\/08\/1-.-Carol-I-pe-terasa1-222x300.jpg\",\"datePublished\":\"2024-10-08T11:59:10+00:00\",\"dateModified\":\"2024-12-18T14:49:34+00:00\",\"breadcrumb\":{\"@id\":\"https:\/\/thewebdevpoint.com\/ro\/despre\/istoricul-castelului-peles\/#breadcrumb\"},\"inLanguage\":\"ro-RO\",\"potentialAction\":[{\"@type\":\"ReadAction\",\"target\":[\"https:\/\/thewebdevpoint.com\/ro\/despre\/istoricul-castelului-peles\/\"]}]},{\"@type\":\"ImageObject\",\"inLanguage\":\"ro-RO\",\"@id\":\"https:\/\/thewebdevpoint.com\/ro\/despre\/istoricul-castelului-peles\/#primaryimage\",\"url\":\"https:\/\/pelestest.thepoint-agency.com\/wp-content\/uploads\/2016\/08\/1-.-Carol-I-pe-terasa1-222x300.jpg\",\"contentUrl\":\"https:\/\/pelestest.thepoint-agency.com\/wp-content\/uploads\/2016\/08\/1-.-Carol-I-pe-terasa1-222x300.jpg\"},{\"@type\":\"BreadcrumbList\",\"@id\":\"https:\/\/thewebdevpoint.com\/ro\/despre\/istoricul-castelului-peles\/#breadcrumb\",\"itemListElement\":[{\"@type\":\"ListItem\",\"position\":1,\"name\":\"Acas\u0103\",\"item\":\"https:\/\/thewebdevpoint.com\/\"},{\"@type\":\"ListItem\",\"position\":2,\"name\":\"Despre\",\"item\":\"https:\/\/thewebdevpoint.com\/despre\/\"},{\"@type\":\"ListItem\",\"position\":3,\"name\":\"Istoricul Castelului Pele\u0219\"}]},{\"@type\":\"WebSite\",\"@id\":\"https:\/\/thewebdevpoint.com\/ro\/#website\",\"url\":\"https:\/\/thewebdevpoint.com\/ro\/\",\"name\":\"Peles Test\",\"description\":\"\",\"publisher\":{\"@id\":\"https:\/\/thewebdevpoint.com\/ro\/#organization\"},\"potentialAction\":[{\"@type\":\"SearchAction\",\"target\":{\"@type\":\"EntryPoint\",\"urlTemplate\":\"https:\/\/thewebdevpoint.com\/ro\/?s={search_term_string}\"},\"query-input\":{\"@type\":\"PropertyValueSpecification\",\"valueRequired\":true,\"valueName\":\"search_term_string\"}}],\"inLanguage\":\"ro-RO\"},{\"@type\":\"Organization\",\"@id\":\"https:\/\/thewebdevpoint.com\/ro\/#organization\",\"name\":\"Muzeul Pele\u0219\",\"alternateName\":\"MP\",\"url\":\"https:\/\/thewebdevpoint.com\/ro\/\",\"logo\":{\"@type\":\"ImageObject\",\"inLanguage\":\"ro-RO\",\"@id\":\"https:\/\/thewebdevpoint.com\/ro\/#\/schema\/logo\/image\/\",\"url\":\"https:\/\/thewebdevpoint.com\/wp-content\/uploads\/2024\/10\/Logo.svg\",\"contentUrl\":\"https:\/\/thewebdevpoint.com\/wp-content\/uploads\/2024\/10\/Logo.svg\",\"width\":251,\"height\":48,\"caption\":\"Muzeul Pele\u0219\"},\"image\":{\"@id\":\"https:\/\/thewebdevpoint.com\/ro\/#\/schema\/logo\/image\/\"}}]}<\/script>\n<!-- \/ Yoast SEO plugin. -->","yoast_head_json":{"title":"Istoricul Castelului Pele\u0219 &#183; Peles Test","robots":{"index":"noindex","follow":"follow","max-snippet":"max-snippet:-1","max-image-preview":"max-image-preview:large","max-video-preview":"max-video-preview:-1"},"schema":{"@context":"https:\/\/schema.org","@graph":[{"@type":"WebPage","@id":"https:\/\/thewebdevpoint.com\/ro\/despre\/istoricul-castelului-peles\/","url":"https:\/\/thewebdevpoint.com\/ro\/despre\/istoricul-castelului-peles\/","name":"Istoricul Castelului Pele\u0219 &#183; Peles Test","isPartOf":{"@id":"https:\/\/thewebdevpoint.com\/ro\/#website"},"primaryImageOfPage":{"@id":"https:\/\/thewebdevpoint.com\/ro\/despre\/istoricul-castelului-peles\/#primaryimage"},"image":{"@id":"https:\/\/thewebdevpoint.com\/ro\/despre\/istoricul-castelului-peles\/#primaryimage"},"thumbnailUrl":"https:\/\/pelestest.thepoint-agency.com\/wp-content\/uploads\/2016\/08\/1-.-Carol-I-pe-terasa1-222x300.jpg","datePublished":"2024-10-08T11:59:10+00:00","dateModified":"2024-12-18T14:49:34+00:00","breadcrumb":{"@id":"https:\/\/thewebdevpoint.com\/ro\/despre\/istoricul-castelului-peles\/#breadcrumb"},"inLanguage":"ro-RO","potentialAction":[{"@type":"ReadAction","target":["https:\/\/thewebdevpoint.com\/ro\/despre\/istoricul-castelului-peles\/"]}]},{"@type":"ImageObject","inLanguage":"ro-RO","@id":"https:\/\/thewebdevpoint.com\/ro\/despre\/istoricul-castelului-peles\/#primaryimage","url":"https:\/\/pelestest.thepoint-agency.com\/wp-content\/uploads\/2016\/08\/1-.-Carol-I-pe-terasa1-222x300.jpg","contentUrl":"https:\/\/pelestest.thepoint-agency.com\/wp-content\/uploads\/2016\/08\/1-.-Carol-I-pe-terasa1-222x300.jpg"},{"@type":"BreadcrumbList","@id":"https:\/\/thewebdevpoint.com\/ro\/despre\/istoricul-castelului-peles\/#breadcrumb","itemListElement":[{"@type":"ListItem","position":1,"name":"Acas\u0103","item":"https:\/\/thewebdevpoint.com\/"},{"@type":"ListItem","position":2,"name":"Despre","item":"https:\/\/thewebdevpoint.com\/despre\/"},{"@type":"ListItem","position":3,"name":"Istoricul Castelului Pele\u0219"}]},{"@type":"WebSite","@id":"https:\/\/thewebdevpoint.com\/ro\/#website","url":"https:\/\/thewebdevpoint.com\/ro\/","name":"Peles Test","description":"","publisher":{"@id":"https:\/\/thewebdevpoint.com\/ro\/#organization"},"potentialAction":[{"@type":"SearchAction","target":{"@type":"EntryPoint","urlTemplate":"https:\/\/thewebdevpoint.com\/ro\/?s={search_term_string}"},"query-input":{"@type":"PropertyValueSpecification","valueRequired":true,"valueName":"search_term_string"}}],"inLanguage":"ro-RO"},{"@type":"Organization","@id":"https:\/\/thewebdevpoint.com\/ro\/#organization","name":"Muzeul Pele\u0219","alternateName":"MP","url":"https:\/\/thewebdevpoint.com\/ro\/","logo":{"@type":"ImageObject","inLanguage":"ro-RO","@id":"https:\/\/thewebdevpoint.com\/ro\/#\/schema\/logo\/image\/","url":"https:\/\/thewebdevpoint.com\/wp-content\/uploads\/2024\/10\/Logo.svg","contentUrl":"https:\/\/thewebdevpoint.com\/wp-content\/uploads\/2024\/10\/Logo.svg","width":251,"height":48,"caption":"Muzeul Pele\u0219"},"image":{"@id":"https:\/\/thewebdevpoint.com\/ro\/#\/schema\/logo\/image\/"}}]}},"_links":{"self":[{"href":"https:\/\/thewebdevpoint.com\/ro\/wp-json\/wp\/v2\/pages\/8651","targetHints":{"allow":["GET"]}}],"collection":[{"href":"https:\/\/thewebdevpoint.com\/ro\/wp-json\/wp\/v2\/pages"}],"about":[{"href":"https:\/\/thewebdevpoint.com\/ro\/wp-json\/wp\/v2\/types\/page"}],"author":[{"embeddable":true,"href":"https:\/\/thewebdevpoint.com\/ro\/wp-json\/wp\/v2\/users\/1"}],"replies":[{"embeddable":true,"href":"https:\/\/thewebdevpoint.com\/ro\/wp-json\/wp\/v2\/comments?post=8651"}],"version-history":[{"count":4,"href":"https:\/\/thewebdevpoint.com\/ro\/wp-json\/wp\/v2\/pages\/8651\/revisions"}],"predecessor-version":[{"id":16993,"href":"https:\/\/thewebdevpoint.com\/ro\/wp-json\/wp\/v2\/pages\/8651\/revisions\/16993"}],"up":[{"embeddable":true,"href":"https:\/\/thewebdevpoint.com\/ro\/wp-json\/wp\/v2\/pages\/15048"}],"wp:attachment":[{"href":"https:\/\/thewebdevpoint.com\/ro\/wp-json\/wp\/v2\/media?parent=8651"}],"wp:term":[{"taxonomy":"categorie-pagina","embeddable":true,"href":"https:\/\/thewebdevpoint.com\/ro\/wp-json\/wp\/v2\/categorie-pagina?post=8651"}],"curies":[{"name":"wp","href":"https:\/\/api.w.org\/{rel}","templated":true}]}}